{"id":6332,"date":"2018-01-08T16:44:11","date_gmt":"2018-01-08T16:44:11","guid":{"rendered":"https:\/\/homelessnessnetwork.ca\/housing-list\/"},"modified":"2019-07-04T15:51:37","modified_gmt":"2019-07-04T15:51:37","slug":"housing-list","status":"publish","type":"page","link":"https:\/\/homelessnessnetwork.ca\/fr\/housing-list\/","title":{"rendered":"Liste de logement"},"content":{"rendered":"[vc_row type=\u00a0\u00bbin_container\u00a0\u00bb full_screen_row_position=\u00a0\u00bbmiddle\u00a0\u00bb bg_color=\u00a0\u00bb#8fc741&Prime; scene_position=\u00a0\u00bbcenter\u00a0\u00bb text_color=\u00a0\u00bblight\u00a0\u00bb text_align=\u00a0\u00bbleft\u00a0\u00bb top_padding=\u00a0\u00bb15&Prime; bottom_padding=\u00a0\u00bb15&Prime; overlay_strength=\u00a0\u00bb0.3&Prime; shape_divider_position=\u00a0\u00bbbottom\u00a0\u00bb shape_type=\u00a0\u00bb\u00a0\u00bb][vc_column column_padding=\u00a0\u00bbno-extra-padding\u00a0\u00bb column_padding_position=\u00a0\u00bball\u00a0\u00bb background_color_opacity=\u00a0\u00bb1&Prime; background_hover_color_opacity=\u00a0\u00bb1&Prime; column_shadow=\u00a0\u00bbnone\u00a0\u00bb column_border_radius=\u00a0\u00bbnone\u00a0\u00bb width=\u00a0\u00bb1\/1&Prime; tablet_text_alignment=\u00a0\u00bbdefault\u00a0\u00bb phone_text_alignment=\u00a0\u00bbdefault\u00a0\u00bb column_border_width=\u00a0\u00bbnone\u00a0\u00bb column_border_style=\u00a0\u00bbsolid\u00a0\u00bb]<div class=\"iwithtext\"><div class=\"iwt-icon\"> <i class=\"icon-default-style fa fa-mobile accent-color\"><\/i> <\/div><div class=\"iwt-text\"> <span class=\"tlid-translation translation\" lang=\"fr\"><span class=\"\" title=\"\">Appelez le 705-618-8810 si vous avez besoin d&rsquo;aide avec la facturation d&rsquo;\u00e9lectricit\u00e9 ou gaz naturel, dernier mois de loyer, arr\u00e9rages et n&rsquo;\u00eates pas r\u00e9cipiendaire d&rsquo;Ontario au travail ou ODSP.<br \/>\n<\/span><\/span> <\/div><div class=\"clear\"><\/div><\/div>[\/vc_column][\/vc_row][vc_row type=\u00a0\u00bbin_container\u00a0\u00bb full_screen_row_position=\u00a0\u00bbmiddle\u00a0\u00bb scene_position=\u00a0\u00bbcenter\u00a0\u00bb text_color=\u00a0\u00bbdark\u00a0\u00bb text_align=\u00a0\u00bbleft\u00a0\u00bb top_padding=\u00a0\u00bb8&Prime; overlay_strength=\u00a0\u00bb0.3&Prime; shape_divider_position=\u00a0\u00bbbottom\u00a0\u00bb shape_type=\u00a0\u00bb\u00a0\u00bb][vc_column column_padding=\u00a0\u00bbno-extra-padding\u00a0\u00bb column_padding_position=\u00a0\u00bball\u00a0\u00bb background_color_opacity=\u00a0\u00bb1&Prime; background_hover_color_opacity=\u00a0\u00bb1&Prime; column_shadow=\u00a0\u00bbnone\u00a0\u00bb column_border_radius=\u00a0\u00bbnone\u00a0\u00bb width=\u00a0\u00bb1\/2&Prime; tablet_text_alignment=\u00a0\u00bbdefault\u00a0\u00bb phone_text_alignment=\u00a0\u00bbdefault\u00a0\u00bb column_border_width=\u00a0\u00bbnone\u00a0\u00bb column_border_style=\u00a0\u00bbsolid\u00a0\u00bb][vc_column_text]<strong><span id=\"result_box\" class=\"short_text\" lang=\"fr\"><span class=\"\">Vous trouverez ci-dessous le lien des logements la plus r\u00e9cente<\/span><\/span><br \/>\n<\/strong><span id=\"result_box\" class=\"short_text\" lang=\"fr\"><\/span><span id=\"result_box\" class=\"short_text\" lang=\"fr\"><\/span>[\/vc_column_text][nectar_btn size=\u00a0\u00bbsmall\u00a0\u00bb button_style=\u00a0\u00bbregular\u00a0\u00bb button_color_2=\u00a0\u00bbExtra-Color-1&Prime; icon_family=\u00a0\u00bbnone\u00a0\u00bb url=\u00a0\u00bbhttps:\/\/homelessnessnetwork.ca\/housing-list\/\u00a0\u00bb text=\u00a0\u00bbDisponible en anglais seulment\u00a0\u00bb][\/vc_column][vc_column column_padding=\u00a0\u00bbno-extra-padding\u00a0\u00bb column_padding_position=\u00a0\u00bball\u00a0\u00bb background_color_opacity=\u00a0\u00bb1&Prime; background_hover_color_opacity=\u00a0\u00bb1&Prime; column_shadow=\u00a0\u00bbnone\u00a0\u00bb column_border_radius=\u00a0\u00bbnone\u00a0\u00bb width=\u00a0\u00bb1\/2&Prime; tablet_text_alignment=\u00a0\u00bbdefault\u00a0\u00bb phone_text_alignment=\u00a0\u00bbdefault\u00a0\u00bb column_border_width=\u00a0\u00bbnone\u00a0\u00bb column_border_style=\u00a0\u00bbsolid\u00a0\u00bb][vc_column_text]<strong><span id=\"result_box\" class=\"\" lang=\"fr\"><span class=\"\">Vous trouverez ci-dessous le formulaire d&rsquo;inscription \u00e0 la liste de logement<br \/>\n<\/span><\/span><\/strong><span id=\"result_box\" class=\"\" lang=\"fr\"><span class=\"\"><span id=\"result_box\" class=\"short_text\" lang=\"fr\">(cliquez sur le lien pour t\u00e9l\u00e9charger la version PDF)<\/span><\/span><\/span><\/p>\n<p><span id=\"result_box\" class=\"\" lang=\"fr\"><\/span><strong><span id=\"result_box\" class=\"short_text\" lang=\"fr\"><span class=\"\">Pour t\u00e9l\u00e9charger une version<\/span><\/span><\/strong><br \/>\n<span id=\"result_box\" class=\"short_text\" lang=\"fr\"><span class=\"\">(Cliquez avec le bouton droit de la souris et s\u00e9lectionnez Enregistrer le lien sous)<\/span><\/span>[\/vc_column_text][vc_column_text]<a href=\"https:\/\/homelessnessnetwork.ca\/wp-content\/uploads\/2018\/11\/Housing-List-Form-updated-October-2018.pdf\">liste des logements &#8211; Formulaire de statistiques d&rsquo;inscription 2018<\/a><br \/>\n(formulaire en anglais)[\/vc_column_text][\/vc_column][\/vc_row]\n","protected":false},"excerpt":{"rendered":"<p>[vc_row type=\u00a0\u00bbin_container\u00a0\u00bb full_screen_row_position=\u00a0\u00bbmiddle\u00a0\u00bb bg_color=\u00a0\u00bb#8fc741&Prime; scene_position=\u00a0\u00bbcenter\u00a0\u00bb text_color=\u00a0\u00bblight\u00a0\u00bb text_align=\u00a0\u00bbleft\u00a0\u00bb top_padding=\u00a0\u00bb15&Prime; bottom_padding=\u00a0\u00bb15&Prime; overlay_strength=\u00a0\u00bb0.3&Prime; shape_divider_position=\u00a0\u00bbbottom\u00a0\u00bb shape_type=\u00a0\u00bb\u00a0\u00bb][vc_column column_padding=\u00a0\u00bbno-extra-padding\u00a0\u00bb column_padding_position=\u00a0\u00bball\u00a0\u00bb background_color_opacity=\u00a0\u00bb1&Prime;&#8230;<\/p>\n","protected":false},"author":1,"featured_media":0,"parent":0,"menu_order":0,"comment_status":"closed","ping_status":"closed","template":"page-sidebar.php","meta":{"_exactmetrics_skip_tracking":false,"_exactmetrics_sitenote_active":false,"_exactmetrics_sitenote_note":"","_exactmetrics_sitenote_category":0,"footnotes":""},"class_list":["post-6332","page","type-page","status-publish"],"_links":{"self":[{"href":"https:\/\/homelessnessnetwork.ca\/fr\/wp-json\/wp\/v2\/pages\/6332","targetHints":{"allow":["GET"]}}],"collection":[{"href":"https:\/\/homelessnessnetwork.ca\/fr\/wp-json\/wp\/v2\/pages"}],"about":[{"href":"https:\/\/homelessnessnetwork.ca\/fr\/wp-json\/wp\/v2\/types\/page"}],"author":[{"embeddable":true,"href":"https:\/\/homelessnessnetwork.ca\/fr\/wp-json\/wp\/v2\/users\/1"}],"replies":[{"embeddable":true,"href":"https:\/\/homelessnessnetwork.ca\/fr\/wp-json\/wp\/v2\/comments?post=6332"}],"version-history":[{"count":22,"href":"https:\/\/homelessnessnetwork.ca\/fr\/wp-json\/wp\/v2\/pages\/6332\/revisions"}],"predecessor-version":[{"id":6741,"href":"https:\/\/homelessnessnetwork.ca\/fr\/wp-json\/wp\/v2\/pages\/6332\/revisions\/6741"}],"wp:attachment":[{"href":"https:\/\/homelessnessnetwork.ca\/fr\/wp-json\/wp\/v2\/media?parent=6332"}],"curies":[{"name":"wp","href":"https:\/\/api.w.org\/{rel}","templated":true}]}}